{"id":2,"date":"2020-03-09T14:40:10","date_gmt":"2020-03-09T14:40:10","guid":{"rendered":"https:\/\/divi-grundinstallation.webdesign-schwaben.de\/?page_id=2"},"modified":"2022-10-12T12:06:24","modified_gmt":"2022-10-12T12:06:24","slug":"sample-page-2-2","status":"publish","type":"page","link":"https:\/\/perwatec.webdesign-schwaben.de\/","title":{"rendered":"perwatec Durchflussmessung"},"content":{"rendered":"<p>[et_pb_section fb_built=&#8220;1&#8243; _builder_version=&#8220;4.16&#8243; _module_preset=&#8220;default&#8220; custom_padding=&#8220;||44px|||&#8220; global_colors_info=&#8220;{}&#8220;][et_pb_row _builder_version=&#8220;4.16&#8243; _module_preset=&#8220;default&#8220; global_colors_info=&#8220;{}&#8220;][et_pb_column type=&#8220;4_4&#8243; _builder_version=&#8220;4.16&#8243; _module_preset=&#8220;default&#8220; global_colors_info=&#8220;{}&#8220;][et_pb_text _builder_version=&#8220;4.17.6&#8243; text_font=&#8220;||||||||&#8220; text_text_color=&#8220;#45ac34&#8243; text_font_size=&#8220;18px&#8220; text_line_height=&#8220;2em&#8220; header_font=&#8220;||||||||&#8220; header_text_align=&#8220;center&#8220; header_text_color=&#8220;#45ac34&#8243; header_font_size=&#8220;25px&#8220; header_line_height=&#8220;1.2em&#8220; custom_margin=&#8220;|||&#8220; hover_enabled=&#8220;0&#8243; text_font_size_tablet=&#8220;14px&#8220; text_font_size_phone=&#8220;12px&#8220; text_font_size_last_edited=&#8220;on|phone&#8220; header_font_size_tablet=&#8220;33px&#8220; header_font_size_phone=&#8220;22px&#8220; header_font_size_last_edited=&#8220;on|phone&#8220; locked=&#8220;off&#8220; global_colors_info=&#8220;{}&#8220; sticky_enabled=&#8220;0&#8243;]<\/p>\n<h1>Hier entstehen die neuen Seiten von perwatec Fremdwassermessung &#8211; Die Webseiten sind gerade noch im Aufbau.<\/h1>\n<p>[\/et_pb_text][\/et_pb_column][\/et_pb_row][et_pb_row column_structure=&#8220;1_3,1_3,1_3&#8243; _builder_version=&#8220;4.17.6&#8243; _module_preset=&#8220;default&#8220; global_colors_info=&#8220;{}&#8220;][et_pb_column type=&#8220;1_3&#8243; _builder_version=&#8220;4.17.6&#8243; _module_preset=&#8220;default&#8220; global_colors_info=&#8220;{}&#8220;][\/et_pb_column][et_pb_column type=&#8220;1_3&#8243; _builder_version=&#8220;4.17.6&#8243; _module_preset=&#8220;default&#8220; global_colors_info=&#8220;{}&#8220;][et_pb_image src=&#8220;https:\/\/perwatec.webdesign-schwaben.de\/wp-content\/uploads\/2022\/07\/logo-perwatec-fremdwassermessung-2016_2x.png&#8220; title_text=&#8220;logo-perwatec-fremdwassermessung-2016_2x&#8220; _builder_version=&#8220;4.17.6&#8243; _module_preset=&#8220;default&#8220; global_colors_info=&#8220;{}&#8220;][\/et_pb_image][\/et_pb_column][et_pb_column type=&#8220;1_3&#8243; _builder_version=&#8220;4.17.6&#8243; _module_preset=&#8220;default&#8220; global_colors_info=&#8220;{}&#8220;][\/et_pb_column][\/et_pb_row][et_pb_row _builder_version=&#8220;4.17.6&#8243; _module_preset=&#8220;default&#8220; global_colors_info=&#8220;{}&#8220;][et_pb_column type=&#8220;4_4&#8243; _builder_version=&#8220;4.17.6&#8243; _module_preset=&#8220;default&#8220; global_colors_info=&#8220;{}&#8220;][et_pb_text _builder_version=&#8220;4.17.6&#8243; _module_preset=&#8220;default&#8220; global_colors_info=&#8220;{}&#8220;]<\/p>\n<h2 class=\"clearfix grpelem\" id=\"pfremdwasser-im-kanal\" style=\"text-align: center;\">Fremdwassermessung<\/h2>\n<div class=\"clearfix grpelem\" id=\"ppu24441\">\n<div class=\"Subtitle clearfix colelem shared_content\" id=\"u1294-4\" data-muse-uid=\"U1294\" data-muse-type=\"txt_frame\" data-ibe-flags=\"txtStyleSrc\" data-sizepolicy=\"fixed\" data-pintopage=\"page_fixedCenter\" data-content-guid=\"u1294-4_content\" style=\"text-align: center;\">\n<p>patentiertes\u00a0 Messverfahren\u00a0 f\u00fcr Durchflussmessungen in Kanalsch\u00e4chten<\/p>\n<\/div>\n<div class=\"clearfix colelem shared_content\" id=\"u19102-7\" data-muse-uid=\"U19102\" data-muse-type=\"txt_frame\" data-ibe-flags=\"txtStyleSrc\" data-sizepolicy=\"fixed\" data-pintopage=\"page_fixedCenter\" data-content-guid=\"u19102-7_content\" style=\"text-align: center;\">\n<p id=\"u19102-2\">perwatec bietet Ihnen ein seit \u00fcber 10 Jahren bew\u00e4hrtes patentiertes Messverfahren, welches eine hochaufl\u00f6sende und schnelle Messung der Fremdwassermenge in allen DIN-Profilen bei niedrigen Kosten erm\u00f6glicht.<\/p>\n<p id=\"u19102-5\">Pro Nacht k\u00f6nnen von einem Messteam ca. 15 bis 20 Messstellen pr\u00e4zise erfasst und ausgewertet werden.<\/p>\n<p>&nbsp;<\/p>\n<\/div>\n<div class=\"clearfix colelem shared_content\" id=\"pu19112\" data-content-guid=\"pu19112_content\">\n<div class=\"clearfix grpelem shared_content\" id=\"pu19107-4\" data-content-guid=\"pu19107-4_content\">\n<div class=\"clearfix colelem shared_content\" id=\"u19107-4\" data-muse-uid=\"U19107\" data-muse-type=\"txt_frame\" data-ibe-flags=\"txtStyleSrc\" data-sizepolicy=\"fixed\" data-pintopage=\"page_fixedCenter\" data-leftadjustmentdoneby=\"pu19107-4\" data-content-guid=\"u19107-4_content\" style=\"text-align: center;\">\n<h2>Wir beantworten f\u00fcr Sie schnell, zuverl\u00e4ssig und pr\u00e4zise die Fragen:<\/h2>\n<\/div>\n<div class=\"clearfix colelem shared_content\" id=\"u20212-10\" data-muse-uid=\"U20212\" data-muse-type=\"txt_frame\" data-ibe-flags=\"txtStyleSrc\" data-sizepolicy=\"fixed\" data-pintopage=\"page_fixedCenter\" data-leftadjustmentdoneby=\"pu19107-4\" data-content-guid=\"u20212-10_content\">\n<h2 style=\"text-align: center;\">\u00a0<\/h2>\n<h2 style=\"text-align: center;\">&#8211; Wieviel Fremdwasser f\u00e4llt im Detail an?<\/h2>\n<h2 style=\"text-align: center;\">&#8211; Woher kommt das Fremdwasser?<\/h2>\n<h2 style=\"text-align: center;\">&#8211; Wo liegen die Priorit\u00e4ten im Kanalnetz?<\/h2>\n<\/div>\n<\/div>\n<\/div>\n<\/div>\n<p>[\/et_pb_text][et_pb_text _builder_version=&#8220;4.17.6&#8243; _module_preset=&#8220;default&#8220; global_colors_info=&#8220;{}&#8220;]<\/p>\n<div class=\"clearfix colelem shared_content\" id=\"u23899-10\" data-muse-uid=\"U23899\" data-muse-type=\"txt_frame\" data-ibe-flags=\"txtStyleSrc\" data-sizepolicy=\"fixed\" data-pintopage=\"page_fixedCenter\" data-leftadjustmentdoneby=\"pu23899-10\" data-content-guid=\"u23899-10_content\">\n<p style=\"text-align: center;\">Unser Verfahren war bereits in \u00fcber 90 Kommunen und Ortsteilen erfolgreich im Einsatz,<\/p>\n<p style=\"text-align: center;\">Schreiben Sie uns &#8211; wir nennen Ihnen gern eine Referenz in Ihrer N\u00e4he.<\/p>\n<p style=\"text-align: center;\">Wir senden Ihnen auf Anfrage auch gerne ein Musterangebot \u00fcber eine Messnacht zu.<\/p>\n<\/div>\n<div class=\"clearfix colelem shared_content\" id=\"u2163-20\" data-muse-uid=\"U2163\" data-muse-type=\"txt_frame\" data-ibe-flags=\"txtStyleSrc\" data-sizepolicy=\"fixed\" data-pintopage=\"page_fixedCenter\" data-leftadjustmentdoneby=\"pu23899-10\" data-content-guid=\"u2163-20_content\">\n<p class=\"Text_Simple\" id=\"u2163-3\" style=\"text-align: center;\"><a class=\"nonblock\" href=\"mailto:kontakt@perwatec.de\">kontakt@perwatec.de<\/a><\/p>\n<p class=\"Subtitle\" style=\"text-align: center;\">perwatec Durchflussmessung<\/p>\n<p class=\"Subtitle\" style=\"text-align: center;\">Markus Komposch<\/p>\n<p class=\"Text_Simple\" id=\"u2163-9\" style=\"text-align: center;\">Kapuzinerstra\u00dfe 17 (bei creativeJAM GbR)<\/p>\n<p class=\"Text_Simple\" id=\"u2163-11\" style=\"text-align: center;\">89407 Dillingen \/ Germany<\/p>\n<p class=\"Text_Simple\" id=\"u2163-12\" style=\"text-align: center;\">\n<p class=\"Text_Simple\" id=\"u2163-14\" style=\"text-align: center;\">Tel: 09071 775 7200<\/p>\n<p class=\"Text_Simple\" id=\"u2163-16\" style=\"text-align: center;\">mobil: 0151 7089 8049<\/p>\n<p class=\"Text_Simple\" id=\"u2163-18\" style=\"text-align: center;\">Fax: 09071 775 7201<\/p>\n<\/div>\n<p>[\/et_pb_text][\/et_pb_column][\/et_pb_row][et_pb_row column_structure=&#8220;1_3,1_3,1_3&#8243; _builder_version=&#8220;4.17.6&#8243; _module_preset=&#8220;default&#8220; global_colors_info=&#8220;{}&#8220;][et_pb_column type=&#8220;1_3&#8243; _builder_version=&#8220;4.17.6&#8243; _module_preset=&#8220;default&#8220; global_colors_info=&#8220;{}&#8220;][et_pb_image src=&#8220;https:\/\/perwatec.webdesign-schwaben.de\/wp-content\/uploads\/2022\/07\/ChINvv8XEAE8-rB-Wasser.jpeg&#8220; title_text=&#8220;ChINvv8XEAE8-rB-Wasser&#8220; _builder_version=&#8220;4.17.6&#8243; _module_preset=&#8220;default&#8220; global_colors_info=&#8220;{}&#8220;][\/et_pb_image][\/et_pb_column][et_pb_column type=&#8220;1_3&#8243; _builder_version=&#8220;4.17.6&#8243; _module_preset=&#8220;default&#8220; global_colors_info=&#8220;{}&#8220;][et_pb_image src=&#8220;https:\/\/perwatec.webdesign-schwaben.de\/wp-content\/uploads\/2022\/07\/CeDvy_oWEAIjbbZ-Messung.jpeg&#8220; title_text=&#8220;CeDvy_oWEAIjbbZ-Messung&#8220; _builder_version=&#8220;4.17.6&#8243; _module_preset=&#8220;default&#8220; global_colors_info=&#8220;{}&#8220;][\/et_pb_image][\/et_pb_column][et_pb_column type=&#8220;1_3&#8243; _builder_version=&#8220;4.17.6&#8243; _module_preset=&#8220;default&#8220; global_colors_info=&#8220;{}&#8220;][et_pb_image src=&#8220;https:\/\/perwatec.webdesign-schwaben.de\/wp-content\/uploads\/2022\/07\/CvTGKMsWAAAVrrT-Wasser.jpeg&#8220; title_text=&#8220;CvTGKMsWAAAVrrT-Wasser&#8220; _builder_version=&#8220;4.17.6&#8243; _module_preset=&#8220;default&#8220; global_colors_info=&#8220;{}&#8220;][\/et_pb_image][\/et_pb_column][\/et_pb_row][et_pb_row column_structure=&#8220;1_3,1_3,1_3&#8243; _builder_version=&#8220;4.17.6&#8243; _module_preset=&#8220;default&#8220; global_colors_info=&#8220;{}&#8220;][et_pb_column type=&#8220;1_3&#8243; _builder_version=&#8220;4.17.6&#8243; _module_preset=&#8220;default&#8220; global_colors_info=&#8220;{}&#8220;][et_pb_image src=&#8220;https:\/\/perwatec.webdesign-schwaben.de\/wp-content\/uploads\/2022\/07\/eingefu\u0308gtes-bild-537&#215;418-1.jpeg&#8220; title_text=&#8220;eingefu\u0308gtes bild 537&#215;418&#8243; _builder_version=&#8220;4.17.6&#8243; _module_preset=&#8220;default&#8220; global_colors_info=&#8220;{}&#8220;][\/et_pb_image][\/et_pb_column][et_pb_column type=&#8220;1_3&#8243; _builder_version=&#8220;4.17.6&#8243; _module_preset=&#8220;default&#8220; global_colors_info=&#8220;{}&#8220;][et_pb_image src=&#8220;https:\/\/perwatec.webdesign-schwaben.de\/wp-content\/uploads\/2022\/07\/ohne-titel-9-kopie_2x.jpeg&#8220; title_text=&#8220;ohne titel-9 kopie_2x&#8220; _builder_version=&#8220;4.17.6&#8243; _module_preset=&#8220;default&#8220; global_colors_info=&#8220;{}&#8220;][\/et_pb_image][\/et_pb_column][et_pb_column type=&#8220;1_3&#8243; _builder_version=&#8220;4.17.6&#8243; _module_preset=&#8220;default&#8220; global_colors_info=&#8220;{}&#8220;][et_pb_image src=&#8220;https:\/\/perwatec.webdesign-schwaben.de\/wp-content\/uploads\/2022\/07\/ohne-titel-8-kopie_2x.jpeg&#8220; title_text=&#8220;ohne titel-8 kopie_2x&#8220; _builder_version=&#8220;4.17.6&#8243; _module_preset=&#8220;default&#8220; global_colors_info=&#8220;{}&#8220;][\/et_pb_image][\/et_pb_column][\/et_pb_row][et_pb_row _builder_version=&#8220;4.17.6&#8243; _module_preset=&#8220;default&#8220; width=&#8220;100%&#8220; max_width=&#8220;2560px&#8220; global_colors_info=&#8220;{}&#8220;][et_pb_column type=&#8220;4_4&#8243; _builder_version=&#8220;4.17.6&#8243; _module_preset=&#8220;default&#8220; global_colors_info=&#8220;{}&#8220;][et_pb_image src=&#8220;https:\/\/perwatec.webdesign-schwaben.de\/wp-content\/uploads\/2022\/07\/bogen-gruen-11295&#215;209-1.png&#8220; title_text=&#8220;bogen-gruen-11295&#215;209&#8243; _builder_version=&#8220;4.17.6&#8243; _module_preset=&#8220;default&#8220; global_colors_info=&#8220;{}&#8220;][\/et_pb_image][\/et_pb_column][\/et_pb_row][et_pb_row _builder_version=&#8220;4.17.6&#8243; _module_preset=&#8220;default&#8220; global_colors_info=&#8220;{}&#8220;][et_pb_column type=&#8220;4_4&#8243; _builder_version=&#8220;4.17.6&#8243; _module_preset=&#8220;default&#8220; global_colors_info=&#8220;{}&#8220;][et_pb_image src=&#8220;https:\/\/perwatec.webdesign-schwaben.de\/wp-content\/uploads\/2022\/07\/7cOXbhQ9_400x400-1.png&#8220; title_text=&#8220;7cOXbhQ9_400x400 (1)&#8220; align=&#8220;center&#8220; _builder_version=&#8220;4.17.6&#8243; _module_preset=&#8220;default&#8220; module_alignment=&#8220;center&#8220; global_colors_info=&#8220;{}&#8220;][\/et_pb_image][\/et_pb_column][\/et_pb_row][\/et_pb_section][et_pb_section fb_built=&#8220;1&#8243; _builder_version=&#8220;4.16&#8243; _module_preset=&#8220;default&#8220; background_color=&#8220;#45ac34&#8243; global_colors_info=&#8220;{}&#8220;][et_pb_row column_structure=&#8220;1_2,1_2&#8243; padding_top_bottom_link_2=&#8220;true&#8220; padding_left_right_link_2=&#8220;true&#8220; _builder_version=&#8220;4.16&#8243; background_color=&#8220;RGBA(255,255,255,0)&#8220; min_height=&#8220;266.9px&#8220; custom_padding=&#8220;|30px||30px|false|true&#8220; global_colors_info=&#8220;{}&#8220;][et_pb_column type=&#8220;1_2&#8243; _builder_version=&#8220;4.16&#8243; custom_padding=&#8220;|||&#8220; global_colors_info=&#8220;{}&#8220; custom_padding__hover=&#8220;|||&#8220;][et_pb_text _builder_version=&#8220;4.17.6&#8243; text_font=&#8220;Amiko||||||||&#8220; text_text_color=&#8220;#FFFFFF&#8220; text_font_size=&#8220;15px&#8220; header_font=&#8220;Amiko||||||||&#8220; header_4_font=&#8220;Amiko||||||||&#8220; header_4_text_color=&#8220;rgba(0,0,0,0.5)&#8220; header_4_font_size=&#8220;14px&#8220; header_4_line_height=&#8220;1.5em&#8220; global_colors_info=&#8220;{}&#8220;]<\/p>\n<p class=\"p1\">Unsere Kontaktdaten:<\/p>\n<h4><\/h4>\n<p>[\/et_pb_text][et_pb_blurb title=&#8220;+49 151 7089 8049&#8243; use_icon=&#8220;on&#8220; font_icon=&#8220;&#xe090;||divi||400&#8243; icon_color=&#8220;#FFFFFF&#8220; image_icon_background_color=&#8220;RGBA(255,255,255,0)&#8220; icon_placement=&#8220;left&#8220; image_icon_width=&#8220;20px&#8220; _builder_version=&#8220;4.17.6&#8243; header_font=&#8220;Amiko||||||||&#8220; header_text_color=&#8220;#FFFFFF&#8220; header_font_size=&#8220;15px&#8220; header_line_height=&#8220;1.8em&#8220; body_font=&#8220;Amiko||||||||&#8220; background_layout=&#8220;dark&#8220; custom_margin=&#8220;20px|||&#8220; animation=&#8220;off&#8220; icon_font_size=&#8220;20px&#8220; global_colors_info=&#8220;{}&#8220;][\/et_pb_blurb][et_pb_blurb title=&#8220;kontakt@perwatec.de&#8220; use_icon=&#8220;on&#8220; font_icon=&#8220;&#xe076;||divi||400&#8243; icon_color=&#8220;#FFFFFF&#8220; icon_placement=&#8220;left&#8220; image_icon_width=&#8220;20px&#8220; _builder_version=&#8220;4.17.6&#8243; header_font=&#8220;Amiko||||||||&#8220; header_text_color=&#8220;#FFFFFF&#8220; header_font_size=&#8220;15px&#8220; header_line_height=&#8220;1.8em&#8220; body_font=&#8220;Amiko||||||||&#8220; body_font_size=&#8220;15px&#8220; background_layout=&#8220;dark&#8220; custom_margin=&#8220;20px|||&#8220; animation=&#8220;off&#8220; icon_font_size=&#8220;20px&#8220; global_colors_info=&#8220;{}&#8220;][\/et_pb_blurb][et_pb_blurb use_icon=&#8220;on&#8220; font_icon=&#8220;&#xe081;||divi||400&#8243; icon_color=&#8220;#FFFFFF&#8220; icon_placement=&#8220;left&#8220; image_icon_width=&#8220;20px&#8220; _builder_version=&#8220;4.17.6&#8243; header_font=&#8220;Amiko||||||||&#8220; header_text_color=&#8220;#FFFFFF&#8220; header_font_size=&#8220;15px&#8220; header_line_height=&#8220;1.8em&#8220; body_font=&#8220;Amiko||||||||&#8220; background_layout=&#8220;dark&#8220; custom_margin=&#8220;20px|||&#8220; animation=&#8220;off&#8220; icon_font_size=&#8220;20px&#8220; global_colors_info=&#8220;{}&#8220;]<\/p>\n<p>perwatec Durchflussmessung<\/p>\n<p>Kapuzinerstra\u00dfe 17<\/p>\n<p>89407 Dillingen<\/p>\n<p>[\/et_pb_blurb][\/et_pb_column][et_pb_column type=&#8220;1_2&#8243; _builder_version=&#8220;4.16&#8243; custom_padding=&#8220;|||&#8220; global_colors_info=&#8220;{}&#8220; custom_padding__hover=&#8220;|||&#8220;][et_pb_contact_form email=&#8220;kontakt@perwatec.de&#8220; _builder_version=&#8220;4.17.6&#8243; _module_preset=&#8220;default&#8220; _unique_id=&#8220;d29460f4-955e-42e9-9ad6-cc3da50b4835&#8243; form_field_background_color=&#8220;#FFFFFF&#8220; form_field_text_color=&#8220;#777777&#8243; form_field_focus_background_color=&#8220;#000000&#8243; form_field_focus_text_color=&#8220;#7CDA24&#8243; title_font=&#8220;Amiko||||||||&#8220; title_text_color=&#8220;#000000&#8243; title_font_size=&#8220;26px&#8220; captcha_font=&#8220;Amiko||||||||&#8220; captcha_text_color=&#8220;#FFFFFF&#8220; captcha_font_size=&#8220;15px&#8220; form_field_font=&#8220;Amiko||||||||&#8220; form_field_font_size=&#8220;15px&#8220; background_color=&#8220;RGBA(255,255,255,0)&#8220; custom_button=&#8220;on&#8220; button_text_size=&#8220;15px&#8220; button_text_color=&#8220;#FFFFFF&#8220; button_letter_spacing=&#8220;0px&#8220; button_icon_color=&#8220;#FFFFFF&#8220; width=&#8220;95%&#8220; custom_margin=&#8220;||||false|false&#8220; custom_padding=&#8220;3px|||||&#8220; global_colors_info=&#8220;{}&#8220;][et_pb_contact_field field_id=&#8220;Name&#8220; field_title=&#8220;Name&#8220; _builder_version=&#8220;4.16&#8243; form_field_font_size=&#8220;15px&#8220; background_color=&#8220;RGBA(255,255,255,0)&#8220; background_enable_color=&#8220;on&#8220; global_colors_info=&#8220;{}&#8220; button_text_size__hover_enabled=&#8220;off&#8220; button_one_text_size__hover_enabled=&#8220;off&#8220; button_two_text_size__hover_enabled=&#8220;off&#8220; button_text_color__hover_enabled=&#8220;off&#8220; button_one_text_color__hover_enabled=&#8220;off&#8220; button_two_text_color__hover_enabled=&#8220;off&#8220; button_border_width__hover_enabled=&#8220;off&#8220; button_one_border_width__hover_enabled=&#8220;off&#8220; button_two_border_width__hover_enabled=&#8220;off&#8220; button_border_color__hover_enabled=&#8220;off&#8220; button_one_border_color__hover_enabled=&#8220;off&#8220; button_two_border_color__hover_enabled=&#8220;off&#8220; button_border_radius__hover_enabled=&#8220;off&#8220; button_one_border_radius__hover_enabled=&#8220;off&#8220; button_two_border_radius__hover_enabled=&#8220;off&#8220; button_letter_spacing__hover_enabled=&#8220;off&#8220; button_one_letter_spacing__hover_enabled=&#8220;off&#8220; button_two_letter_spacing__hover_enabled=&#8220;off&#8220; button_bg_color__hover_enabled=&#8220;off&#8220; button_one_bg_color__hover_enabled=&#8220;off&#8220; button_two_bg_color__hover_enabled=&#8220;off&#8220;][\/et_pb_contact_field][et_pb_contact_field field_id=&#8220;Email&#8220; field_title=&#8220;E-Mail-Adresse&#8220; field_type=&#8220;email&#8220; _builder_version=&#8220;4.16&#8243; background_color=&#8220;RGBA(255,255,255,0)&#8220; background_enable_color=&#8220;on&#8220; global_colors_info=&#8220;{}&#8220; button_text_size__hover_enabled=&#8220;off&#8220; button_one_text_size__hover_enabled=&#8220;off&#8220; button_two_text_size__hover_enabled=&#8220;off&#8220; button_text_color__hover_enabled=&#8220;off&#8220; button_one_text_color__hover_enabled=&#8220;off&#8220; button_two_text_color__hover_enabled=&#8220;off&#8220; button_border_width__hover_enabled=&#8220;off&#8220; button_one_border_width__hover_enabled=&#8220;off&#8220; button_two_border_width__hover_enabled=&#8220;off&#8220; button_border_color__hover_enabled=&#8220;off&#8220; button_one_border_color__hover_enabled=&#8220;off&#8220; button_two_border_color__hover_enabled=&#8220;off&#8220; button_border_radius__hover_enabled=&#8220;off&#8220; button_one_border_radius__hover_enabled=&#8220;off&#8220; button_two_border_radius__hover_enabled=&#8220;off&#8220; button_letter_spacing__hover_enabled=&#8220;off&#8220; button_one_letter_spacing__hover_enabled=&#8220;off&#8220; button_two_letter_spacing__hover_enabled=&#8220;off&#8220; button_bg_color__hover_enabled=&#8220;off&#8220; button_one_bg_color__hover_enabled=&#8220;off&#8220; button_two_bg_color__hover_enabled=&#8220;off&#8220;][\/et_pb_contact_field][et_pb_contact_field field_id=&#8220;Message&#8220; field_title=&#8220;Nachricht&#8220; field_type=&#8220;text&#8220; fullwidth_field=&#8220;on&#8220; _builder_version=&#8220;4.16&#8243; background_color=&#8220;RGBA(255,255,255,0)&#8220; background_enable_color=&#8220;on&#8220; global_colors_info=&#8220;{}&#8220; button_text_size__hover_enabled=&#8220;off&#8220; button_one_text_size__hover_enabled=&#8220;off&#8220; button_two_text_size__hover_enabled=&#8220;off&#8220; button_text_color__hover_enabled=&#8220;off&#8220; button_one_text_color__hover_enabled=&#8220;off&#8220; button_two_text_color__hover_enabled=&#8220;off&#8220; button_border_width__hover_enabled=&#8220;off&#8220; button_one_border_width__hover_enabled=&#8220;off&#8220; button_two_border_width__hover_enabled=&#8220;off&#8220; button_border_color__hover_enabled=&#8220;off&#8220; button_one_border_color__hover_enabled=&#8220;off&#8220; button_two_border_color__hover_enabled=&#8220;off&#8220; button_border_radius__hover_enabled=&#8220;off&#8220; button_one_border_radius__hover_enabled=&#8220;off&#8220; button_two_border_radius__hover_enabled=&#8220;off&#8220; button_letter_spacing__hover_enabled=&#8220;off&#8220; button_one_letter_spacing__hover_enabled=&#8220;off&#8220; button_two_letter_spacing__hover_enabled=&#8220;off&#8220; button_bg_color__hover_enabled=&#8220;off&#8220; button_one_bg_color__hover_enabled=&#8220;off&#8220; button_two_bg_color__hover_enabled=&#8220;off&#8220;][\/et_pb_contact_field][et_pb_contact_field field_id=&#8220;Opt-In&#8220; field_title=&#8220;&#8230;&#8220; field_type=&#8220;checkbox&#8220; checkbox_options=&#8220;%91{%22value%22:%22Ich habe die Datenschutzerkl\u00e4rung zur Kenntnis genommen. Ich stimme zu, dass meine Angaben zur Kontaktaufnahme und f\u00fcr R\u00fcckfragen dauerhaft gespeichert werden. Diese Einwilligung kann jederzeit mit Wirkung f\u00fcr die Zukunft widerrufen werden.%22,%22checked%22:0,%22dragID%22:-1}%93&#8243; fullwidth_field=&#8220;on&#8220; _builder_version=&#8220;4.16&#8243; _module_preset=&#8220;default&#8220; form_field_background_color=&#8220;#a3a3a3&#8243; form_field_text_color=&#8220;#FFFFFF&#8220; form_field_focus_background_color=&#8220;#FFFFFF&#8220; form_field_focus_text_color=&#8220;#000000&#8243; background_color=&#8220;RGBA(255,255,255,0)&#8220; background_enable_color=&#8220;on&#8220; custom_margin=&#8220;-2em||||false|false&#8220; custom_padding=&#8220;||||false|false&#8220; global_colors_info=&#8220;{}&#8220;][\/et_pb_contact_field][\/et_pb_contact_form][\/et_pb_column][\/et_pb_row][\/et_pb_section]<\/p>\n","protected":false},"excerpt":{"rendered":"<p>Hier entstehen die neuen Seiten von perwatec Fremdwassermessung &#8211; Die Webseiten sind gerade noch im Aufbau.Fremdwassermessung patentiertes\u00a0 Messverfahren\u00a0 f\u00fcr Durchflussmessungen in Kanalsch\u00e4chten perwatec bietet Ihnen ein seit \u00fcber 10 Jahren bew\u00e4hrtes patentiertes Messverfahren, welches eine hochaufl\u00f6sende und schnelle Messung der Fremdwassermenge in allen DIN-Profilen bei niedrigen Kosten erm\u00f6glicht. Pro Nacht k\u00f6nnen von einem Messteam ca. [&hellip;]<\/p>\n","protected":false},"author":1,"featured_media":0,"parent":0,"menu_order":0,"comment_status":"closed","ping_status":"closed","template":"","meta":{"_et_pb_use_builder":"on","_et_pb_old_content":"<!-- wp:paragraph -->\r\n<p>This is an example page. It's different from a blog post because it will stay in one place and will show up in your site navigation (in most themes). Most people start with an About page that introduces them to potential site visitors. It might say something like this:<\/p>\r\n<!-- \/wp:paragraph --><!-- wp:quote -->\r\n<blockquote class=\"wp-block-quote\">\r\n<p>Hi there! I'm a bike messenger by day, aspiring actor by night, and this is my website. I live in Los Angeles, have a great dog named Jack, and I like pi\u00f1a coladas. (And gettin' caught in the rain.)<\/p>\r\n<\/blockquote>\r\n<!-- \/wp:quote --><!-- wp:paragraph -->\r\n<p>...or something like this:<\/p>\r\n<!-- \/wp:paragraph --><!-- wp:quote -->\r\n<blockquote class=\"wp-block-quote\">\r\n<p>The XYZ Doohickey Company was founded in 1971, and has been providing quality doohickeys to the public ever since. Located in Gotham City, XYZ employs over 2,000 people and does all kinds of awesome things for the Gotham community.<\/p>\r\n<\/blockquote>\r\n<!-- \/wp:quote --><!-- wp:paragraph -->\r\n<p>As a new WordPress user, you should go to <a href=\"https:\/\/perwatec.webdesign-schwaben.de\/wp-admin\/\">your dashboard<\/a> to delete this page and create new pages for your content. Have fun!<\/p>\r\n<!-- \/wp:paragraph -->","_et_gb_content_width":""},"_links":{"self":[{"href":"https:\/\/perwatec.webdesign-schwaben.de\/index.php\/wp-json\/wp\/v2\/pages\/2"}],"collection":[{"href":"https:\/\/perwatec.webdesign-schwaben.de\/index.php\/wp-json\/wp\/v2\/pages"}],"about":[{"href":"https:\/\/perwatec.webdesign-schwaben.de\/index.php\/wp-json\/wp\/v2\/types\/page"}],"author":[{"embeddable":true,"href":"https:\/\/perwatec.webdesign-schwaben.de\/index.php\/wp-json\/wp\/v2\/users\/1"}],"replies":[{"embeddable":true,"href":"https:\/\/perwatec.webdesign-schwaben.de\/index.php\/wp-json\/wp\/v2\/comments?post=2"}],"version-history":[{"count":50,"href":"https:\/\/perwatec.webdesign-schwaben.de\/index.php\/wp-json\/wp\/v2\/pages\/2\/revisions"}],"predecessor-version":[{"id":305,"href":"https:\/\/perwatec.webdesign-schwaben.de\/index.php\/wp-json\/wp\/v2\/pages\/2\/revisions\/305"}],"wp:attachment":[{"href":"https:\/\/perwatec.webdesign-schwaben.de\/index.php\/wp-json\/wp\/v2\/media?parent=2"}],"curies":[{"name":"wp","href":"https:\/\/api.w.org\/{rel}","templated":true}]}}